{"id":31013,"date":"2020-02-17T16:25:47","date_gmt":"2020-02-17T15:25:47","guid":{"rendered":"https:\/\/www.unicalaundrysystems.com\/?page_id=31013"},"modified":"2020-03-02T12:36:43","modified_gmt":"2020-03-02T11:36:43","slug":"technische-ausruestung","status":"publish","type":"page","link":"https:\/\/www.unicalaundrysystems.com\/de\/technische-ausruestung\/","title":{"rendered":"Technische Ausstattung"},"content":{"rendered":"<p><div class=\"fusion-fullwidth fullwidth-box fusion-builder-row-1 boutons-menu boutons-menu-no-mar nonhundred-percent-fullwidth non-hundred-percent-height-scrolling fusion-equal-height-columns\" style=\"--awb-border-radius-top-left:0px;--awb-border-radius-top-right:0px;--awb-border-radius-bottom-right:0px;--awb-border-radius-bottom-left:0px;--awb-padding-bottom:0px;--awb-flex-wrap:wrap;\" ><div class=\"fusion-builder-row fusion-row\"><div class=\"fusion-layout-column fusion_builder_column fusion-builder-column-0 fusion_builder_column_1_3 1_3 fusion-one-third fusion-column-first\" style=\"--awb-padding-top:100px;--awb-padding-bottom:100px;--awb-bg-color:rgba(70,174,230,0.7);--awb-bg-color-hover:rgba(70,174,230,0.7);--awb-bg-size:cover;width:33.333333333333%;width:calc(33.333333333333% - ( ( 1% + 1% ) * 0.33333333333333 ) );margin-right: 1%;\"><div class=\"fusion-column-wrapper fusion-column-has-shadow fusion-flex-column-wrapper-legacy\"><div class=\"fusion-column-content-centered\"><div class=\"fusion-column-content\"><div class=\"fusion-image-element fusion-image-align-center in-legacy-container\" style=\"text-align:center;--awb-caption-title-font-family:var(--h2_typography-font-family);--awb-caption-title-font-weight:var(--h2_typography-font-weight);--awb-caption-title-font-style:var(--h2_typography-font-style);--awb-caption-title-size:var(--h2_typography-font-size);--awb-caption-title-transform:var(--h2_typography-text-transform);--awb-caption-title-line-height:var(--h2_typography-line-height);--awb-caption-title-letter-spacing:var(--h2_typography-letter-spacing);\"><div class=\"imageframe-align-center\"><span class=\" fusion-imageframe imageframe-none imageframe-1 hover-type-none\"><img decoding=\"async\" width=\"80\" height=\"62\" alt=\"Grupo 257\" title=\"Grupo 257\" src=\"https:\/\/www.unicalaundrysystems.com\/wp-content\/uploads\/2019\/09\/grupo-257.png\" class=\"img-responsive wp-image-31115\"\/><\/span><\/div><\/div><div class=\"fusion-text fusion-text-1\"><h4 style=\"text-align: center;\"><span style=\"color: #ffffff;\">TECHNISCHE AUSSTATTUNG<\/span><\/h4>\n<\/div><\/div><\/div><div class=\"fusion-clearfix\"><\/div><\/div><\/div><div class=\"fusion-layout-column fusion_builder_column fusion-builder-column-1 fusion_builder_column_1_3 1_3 fusion-one-third fusion-column-inner-bg-wrapper\" style=\"--awb-padding-top:100px;--awb-padding-bottom:100px;--awb-inner-bg-color:#b5dff5;--awb-inner-bg-color-hover:#b5dff5;--awb-inner-bg-size:cover;width:33.333333333333%;width:calc(33.333333333333% - ( ( 1% + 1% ) * 0.33333333333333 ) );margin-right: 1%;\"><span class=\"fusion-column-inner-bg hover-type-none\"><a class=\"fusion-column-anchor\" href=\"https:\/\/www.unicalaundrysystems.com\/de\/merkmale\/\"><span class=\"fusion-column-inner-bg-image\"><\/span><\/a><\/span><div class=\"fusion-column-wrapper fusion-column-has-shadow fusion-flex-column-wrapper-legacy\"><div class=\"fusion-column-content-centered\"><div class=\"fusion-column-content\"><div class=\"fusion-image-element fusion-image-align-center in-legacy-container\" style=\"text-align:center;--awb-caption-title-font-family:var(--h2_typography-font-family);--awb-caption-title-font-weight:var(--h2_typography-font-weight);--awb-caption-title-font-style:var(--h2_typography-font-style);--awb-caption-title-size:var(--h2_typography-font-size);--awb-caption-title-transform:var(--h2_typography-text-transform);--awb-caption-title-line-height:var(--h2_typography-line-height);--awb-caption-title-letter-spacing:var(--h2_typography-letter-spacing);\"><div class=\"imageframe-align-center\"><span class=\" fusion-imageframe imageframe-none imageframe-2 hover-type-none\"><img decoding=\"async\" width=\"69\" height=\"69\" alt=\"Grupo 255\" title=\"Grupo 255\" src=\"https:\/\/www.unicalaundrysystems.com\/wp-content\/uploads\/2019\/09\/grupo-255.png\" class=\"img-responsive wp-image-31114\" srcset=\"https:\/\/www.unicalaundrysystems.com\/wp-content\/uploads\/2019\/09\/grupo-255-66x66.png 66w, https:\/\/www.unicalaundrysystems.com\/wp-content\/uploads\/2019\/09\/grupo-255.png 69w\" sizes=\"(max-width: 69px) 100vw, 69px\" \/><\/span><\/div><\/div><div class=\"fusion-text fusion-text-2\"><h4 style=\"text-align: center;\"><span style=\"color: #ffffff;\">FUNKTIONSMERKMALE<\/span><\/h4>\n<\/div><\/div><\/div><div class=\"fusion-clearfix\"><\/div><\/div><\/div><div class=\"fusion-layout-column fusion_builder_column fusion-builder-column-2 fusion_builder_column_1_3 1_3 fusion-one-third fusion-column-last fusion-column-inner-bg-wrapper\" style=\"--awb-padding-top:100px;--awb-padding-bottom:100px;--awb-inner-bg-color:#b5dff5;--awb-inner-bg-color-hover:#b5dff5;--awb-inner-bg-size:cover;width:33.333333333333%;width:calc(33.333333333333% - ( ( 1% + 1% ) * 0.33333333333333 ) );\"><span class=\"fusion-column-inner-bg hover-type-none\"><a class=\"fusion-column-anchor\" href=\"https:\/\/www.unicalaundrysystems.com\/de\/computer-steuern\/\"><span class=\"fusion-column-inner-bg-image\"><\/span><\/a><\/span><div class=\"fusion-column-wrapper fusion-column-has-shadow fusion-flex-column-wrapper-legacy\"><div class=\"fusion-column-content-centered\"><div class=\"fusion-column-content\"><div class=\"fusion-image-element fusion-image-align-center in-legacy-container\" style=\"text-align:center;--awb-caption-title-font-family:var(--h2_typography-font-family);--awb-caption-title-font-weight:var(--h2_typography-font-weight);--awb-caption-title-font-style:var(--h2_typography-font-style);--awb-caption-title-size:var(--h2_typography-font-size);--awb-caption-title-transform:var(--h2_typography-text-transform);--awb-caption-title-line-height:var(--h2_typography-line-height);--awb-caption-title-letter-spacing:var(--h2_typography-letter-spacing);\"><div class=\"imageframe-align-center\"><span class=\" fusion-imageframe imageframe-none imageframe-3 hover-type-none\"><img decoding=\"async\" width=\"81\" height=\"69\" alt=\"Grupo 256\" title=\"Grupo 256\" src=\"https:\/\/www.unicalaundrysystems.com\/wp-content\/uploads\/2019\/09\/grupo-256.png\" class=\"img-responsive wp-image-31113\"\/><\/span><\/div><\/div><div class=\"fusion-text fusion-text-3\"><h4 style=\"text-align: center;\"><span style=\"color: #ffffff;\"><span style=\"caret-color: #ffffff;\">COMPUTER<\/span><\/span><\/h4>\n<\/div><\/div><\/div><div class=\"fusion-clearfix\"><\/div><\/div><\/div><\/div><\/div><div class=\"fusion-fullwidth fullwidth-box fusion-builder-row-2 fusion-parallax-none main-why-unica main-bloc-bleu nonhundred-percent-fullwidth non-hundred-percent-height-scrolling\" style=\"--awb-background-position:left center;--awb-border-radius-top-left:0px;--awb-border-radius-top-right:0px;--awb-border-radius-bottom-right:0px;--awb-border-radius-bottom-left:0px;--awb-padding-top:50px;--awb-padding-bottom:50px;--awb-margin-top:0px;--awb-margin-bottom:0px;--awb-background-image:url(&quot;https:\/\/www.unicalaundrysystems.com\/wp-content\/uploads\/2019\/09\/bg-main-why-unica.jpg&quot;);--awb-background-size:cover;--awb-flex-wrap:wrap;\" ><div class=\"fusion-builder-row fusion-row\"><div class=\"fusion-layout-column fusion_builder_column fusion-builder-column-3 fusion_builder_column_1_6 1_6 fusion-one-sixth fusion-column-first fusion-no-small-visibility\" style=\"--awb-bg-size:cover;width:16.666666666667%;width:calc(16.666666666667% - ( ( 4% + 4% ) * 0.16666666666667 ) );margin-right: 4%;\"><div class=\"fusion-column-wrapper fusion-column-has-shadow fusion-flex-column-wrapper-legacy\"><div class=\"fusion-clearfix\"><\/div><\/div><\/div><div class=\"fusion-layout-column fusion_builder_column fusion-builder-column-4 fusion_builder_column_2_3 2_3 fusion-two-third section-experience\" style=\"--awb-padding-bottom:20px;--awb-bg-size:cover;width:66.666666666667%;width:calc(66.666666666667% - ( ( 4% + 4% ) * 0.66666666666667 ) );margin-right: 4%;\"><div class=\"fusion-column-wrapper fusion-column-has-shadow fusion-flex-column-wrapper-legacy\"><div class=\"fusion-text fusion-text-4\"><h1 style=\"text-transform: uppercase; font-size: 22px; color: #cb0007; margin-top: 0!important;\">TECHNISCHE AUSSTATTUNG<\/h1>\n<\/div><div class=\"fusion-image-element in-legacy-container\" style=\"--awb-caption-title-font-family:var(--h2_typography-font-family);--awb-caption-title-font-weight:var(--h2_typography-font-weight);--awb-caption-title-font-style:var(--h2_typography-font-style);--awb-caption-title-size:var(--h2_typography-font-size);--awb-caption-title-transform:var(--h2_typography-text-transform);--awb-caption-title-line-height:var(--h2_typography-line-height);--awb-caption-title-letter-spacing:var(--h2_typography-letter-spacing);\"><span class=\" fusion-imageframe imageframe-none imageframe-4 hover-type-none separator-line\"><img decoding=\"async\" width=\"75\" height=\"10\" alt=\"Trazado 213\" title=\"Trazado 213\" src=\"https:\/\/www.unicalaundrysystems.com\/wp-content\/uploads\/2019\/08\/trazado-213.png\" class=\"img-responsive wp-image-31002\" srcset=\"https:\/\/www.unicalaundrysystems.com\/wp-content\/uploads\/2019\/08\/trazado-213-66x10.png 66w, https:\/\/www.unicalaundrysystems.com\/wp-content\/uploads\/2019\/08\/trazado-213.png 75w\" sizes=\"(max-width: 75px) 100vw, 75px\" \/><\/span><\/div><div class=\"fusion-clearfix\"><\/div><\/div><\/div><div class=\"fusion-layout-column fusion_builder_column fusion-builder-column-5 fusion_builder_column_1_6 1_6 fusion-one-sixth fusion-column-last fusion-no-small-visibility\" style=\"--awb-bg-size:cover;width:16.666666666667%;width:calc(16.666666666667% - ( ( 4% + 4% ) * 0.16666666666667 ) );\"><div class=\"fusion-column-wrapper fusion-column-has-shadow fusion-flex-column-wrapper-legacy\"><div class=\"fusion-clearfix\"><\/div><\/div><\/div><div class=\"fusion-layout-column fusion_builder_column fusion-builder-column-6 fusion_builder_column_1_6 1_6 fusion-one-sixth fusion-column-first fusion-no-small-visibility fusion-no-medium-visibility\" style=\"--awb-bg-size:cover;width:16.666666666667%;width:calc(16.666666666667% - ( ( 4% + 4% + 4% ) * 0.16666666666667 ) );margin-right: 4%;\"><div class=\"fusion-column-wrapper fusion-column-has-shadow fusion-flex-column-wrapper-legacy\"><div class=\"fusion-clearfix\"><\/div><\/div><\/div><div class=\"fusion-layout-column fusion_builder_column fusion-builder-column-7 fusion_builder_column_1_3 1_3 fusion-one-third liste-puce\" style=\"--awb-bg-size:cover;width:33.333333333333%;width:calc(33.333333333333% - ( ( 4% + 4% + 4% ) * 0.33333333333333 ) );margin-right: 4%;\"><div class=\"fusion-column-wrapper fusion-column-has-shadow fusion-flex-column-wrapper-legacy\"><div class=\"fusion-text fusion-text-5\"><h3>STANDARDAUSSTATTUNG<\/h3>\n<ul>\n<li>Computer CR-01<\/li>\n<li>Pneumatisches Wassereinlassventil<\/li>\n<li>Pneumatisches Dampfventil<\/li>\n<li>Thermostatische Wassermischung<\/li>\n<li>Direktdampfheizung max. 10 bar<\/li>\n<li>Pneumatisches Ablassventil mit gro\u00dfem Querschnitt<\/li>\n<li>Frequenzumrichter mit Einzelmotor<\/li>\n<li>Automatische Positionierung der Trommel<\/li>\n<li>Vorinstallation zur Dosierung von 12 Produkten<\/li>\n<li>Beh\u00e4lter f\u00fcr 2 oder 3 Pulver<\/li>\n<li>\u201eCool down\u201c f\u00fcr W\u00e4sche aus Synthetikfasern<\/li>\n<li>System f\u00fcr Unwuchterkennung mit automatischer Stopp- und Wiederanlauffunktion<\/li>\n<li>Positives Sicherheitssteuersystem bei Maschinenstopp:<\/li>\n<\/ul>\n<ul>\n<li style=\"list-style-type: none;\">\n<ul>\n<li>Bremse geschlossen<\/li>\n<li>Trommelt\u00fcr verriegelt<\/li>\n<li>Wasserablassventil geschlossen<\/li>\n<\/ul>\n<\/li>\n<\/ul>\n<\/div><div class=\"fusion-clearfix\"><\/div><\/div><\/div><div class=\"fusion-layout-column fusion_builder_column fusion-builder-column-8 fusion_builder_column_1_3 1_3 fusion-one-third liste-puce\" style=\"--awb-bg-size:cover;width:33.333333333333%;width:calc(33.333333333333% - ( ( 4% + 4% + 4% ) * 0.33333333333333 ) );margin-right: 4%;\"><div class=\"fusion-column-wrapper fusion-column-has-shadow fusion-flex-column-wrapper-legacy\"><div class=\"fusion-text fusion-text-6\"><h3>OPTIONEN<\/h3>\n<ul>\n<li>Elektronischer Wasserz\u00e4hler<\/li>\n<li>Zus\u00e4tzliches Wassereinlassventil<\/li>\n<li>Zus\u00e4tzliches Wasserablassventil<\/li>\n<li>Dosiersystem f\u00fcr fl\u00fcssige Produkte: \u201eDosomat Unica\u201c<\/li>\n<li>\u201eInterface Link\u201c: externe Verbindung<\/li>\n<li>Wasserr\u00fcckgewinnung + Warmwasserspeicher<\/li>\n<li>Elektrische Heizung<\/li>\n<li>Niederdruck-Dampfheizung<\/li>\n<\/ul>\n<\/div><div class=\"fusion-clearfix\"><\/div><\/div><\/div><div class=\"fusion-layout-column fusion_builder_column fusion-builder-column-9 fusion_builder_column_1_6 1_6 fusion-one-sixth fusion-column-last fusion-no-small-visibility fusion-no-medium-visibility\" style=\"--awb-bg-size:cover;width:16.666666666667%;width:calc(16.666666666667% - ( ( 4% + 4% + 4% ) * 0.16666666666667 ) );\"><div class=\"fusion-column-wrapper fusion-column-has-shadow fusion-flex-column-wrapper-legacy\"><div class=\"fusion-clearfix\"><\/div><\/div><\/div><\/div><\/div><div class=\"fusion-fullwidth fullwidth-box fusion-builder-row-3 fusion-parallax-none bloc-solution nonhundred-percent-fullwidth non-hundred-percent-height-scrolling\" style=\"--awb-border-radius-top-left:0px;--awb-border-radius-top-right:0px;--awb-border-radius-bottom-right:0px;--awb-border-radius-bottom-left:0px;--awb-padding-top:100px;--awb-padding-bottom:80px;--awb-margin-top:0px;--awb-margin-bottom:0px;--awb-background-image:url(&quot;https:\/\/www.unicalaundrysystems.com\/wp-content\/uploads\/2019\/09\/grupo-unica-equipament-tecnique.png&quot;);--awb-background-size:cover;--awb-flex-wrap:wrap;\" ><div class=\"fusion-builder-row fusion-row\"><div class=\"fusion-layout-column fusion_builder_column fusion-builder-column-10 fusion_builder_column_2_3 2_3 fusion-two-third fusion-column-first\" style=\"--awb-bg-size:cover;width:66.666666666667%;width:calc(66.666666666667% - ( ( 4% ) * 0.66666666666667 ) );margin-right: 4%;\"><div class=\"fusion-column-wrapper fusion-column-has-shadow fusion-flex-column-wrapper-legacy\"><div class=\"fusion-clearfix\"><\/div><\/div><\/div><div class=\"fusion-layout-column fusion_builder_column fusion-builder-column-11 fusion_builder_column_1_3 1_3 fusion-one-third fusion-column-last\" style=\"--awb-bg-size:cover;width:33.333333333333%;width:calc(33.333333333333% - ( ( 4% ) * 0.33333333333333 ) );\"><div class=\"fusion-column-wrapper fusion-column-has-shadow fusion-flex-column-wrapper-legacy\"><div class=\"fusion-column-content-centered\"><div class=\"fusion-column-content\"><div class=\"fusion-title title fusion-title-1 fusion-sep-none fusion-title-center fusion-title-text fusion-title-size-two title2-big\"><h2 class=\"fusion-title-heading title-heading-center\" style=\"margin:0;\"><h2 style=\"text-align: center;\"><span lang=\"FR-BE\" style=\"color: #bb082c;\">WIE KANN IHNEN DIE TECHNOLOGIE<br \/>\nVON UNICA N\u00dcTZLICH SEIN? \u00a0<\/span><\/h2><\/h2><\/div><div class=\"fusion-text fusion-text-7 text-white\"><p style=\"text-align: center;\">Es w\u00e4re uns unm\u00f6glich alle Vorteile der UNICA-Technik hier vollst\u00e4ndig aufzuf\u00fchren. Lassen Sie uns eher \u00fcber Ihre Bed\u00fcrfnisse, Erwartungen und Anspr\u00fcche reden. Nur so k\u00f6nnen wir gemeinsam die richtige UNICA-L\u00f6sung f\u00fcr Sie ermitteln.<\/p>\n<\/div><div class=\"fusion-aligncenter\"><a class=\"fusion-button button-flat fusion-button-default-size button-default fusion-button-default button-1 fusion-button-default-span fusion-button-default-type\" style=\"--button_text_transform:uppercase;\" target=\"_self\" href=\"https:\/\/www.unicalaundrysystems.com\/contact\/\"><span class=\"fusion-button-text\">MEINE UNICA-L\u00d6SUNG ERMITTELN<\/span><\/a><\/div><\/div><\/div><div class=\"fusion-clearfix\"><\/div><\/div><\/div><\/div><\/div><\/p>\n","protected":false},"excerpt":{"rendered":"","protected":false},"author":2,"featured_media":0,"parent":0,"menu_order":4,"comment_status":"closed","ping_status":"closed","template":"100-width.php","meta":{"footnotes":""},"class_list":["post-31013","page","type-page","status-publish","hentry"],"yoast_head":"<!-- This site is optimized with the Yoast SEO plugin v23.1 - https:\/\/yoast.com\/wordpress\/plugins\/seo\/ -->\n<title>Technische Ausstattung &#8211; Unica Laundry Systems<\/title>\n<meta name=\"robots\" content=\"index, follow, max-snippet:-1, max-image-preview:large, max-video-preview:-1\" \/>\n<link rel=\"canonical\" href=\"https:\/\/www.unicalaundrysystems.com\/de\/technische-ausruestung\/\" \/>\n<meta property=\"og:locale\" content=\"de_DE\" \/>\n<meta property=\"og:type\" content=\"article\" \/>\n<meta property=\"og:title\" content=\"Technische Ausstattung &#8211; Unica Laundry Systems\" \/>\n<meta property=\"og:url\" content=\"https:\/\/www.unicalaundrysystems.com\/de\/technische-ausruestung\/\" \/>\n<meta property=\"og:site_name\" content=\"Unica Laundry Systems\" \/>\n<meta property=\"article:modified_time\" content=\"2020-03-02T11:36:43+00:00\" \/>\n<meta name=\"twitter:card\" content=\"summary_large_image\" \/>\n<meta name=\"twitter:label1\" content=\"Est. reading time\" \/>\n\t<meta name=\"twitter:data1\" content=\"12 minutes\" \/>\n<script type=\"application\/ld+json\" class=\"yoast-schema-graph\">{\"@context\":\"https:\/\/schema.org\",\"@graph\":[{\"@type\":\"WebPage\",\"@id\":\"https:\/\/www.unicalaundrysystems.com\/de\/technische-ausruestung\/\",\"url\":\"https:\/\/www.unicalaundrysystems.com\/de\/technische-ausruestung\/\",\"name\":\"Technische Ausstattung &#8211; Unica Laundry Systems\",\"isPartOf\":{\"@id\":\"https:\/\/www.unicalaundrysystems.com\/es\/#website\"},\"datePublished\":\"2020-02-17T15:25:47+00:00\",\"dateModified\":\"2020-03-02T11:36:43+00:00\",\"breadcrumb\":{\"@id\":\"https:\/\/www.unicalaundrysystems.com\/de\/technische-ausruestung\/#breadcrumb\"},\"inLanguage\":\"de-DE\",\"potentialAction\":[{\"@type\":\"ReadAction\",\"target\":[\"https:\/\/www.unicalaundrysystems.com\/de\/technische-ausruestung\/\"]}]},{\"@type\":\"BreadcrumbList\",\"@id\":\"https:\/\/www.unicalaundrysystems.com\/de\/technische-ausruestung\/#breadcrumb\",\"itemListElement\":[{\"@type\":\"ListItem\",\"position\":1,\"name\":\"Home\",\"item\":\"https:\/\/www.unicalaundrysystems.com\/de\/\"},{\"@type\":\"ListItem\",\"position\":2,\"name\":\"Technische Ausstattung\"}]},{\"@type\":\"WebSite\",\"@id\":\"https:\/\/www.unicalaundrysystems.com\/es\/#website\",\"url\":\"https:\/\/www.unicalaundrysystems.com\/es\/\",\"name\":\"Unica Laundry Systems\",\"description\":\"Laveuses-essoreuses industrielles de fabrication belge\",\"publisher\":{\"@id\":\"https:\/\/www.unicalaundrysystems.com\/es\/#organization\"},\"potentialAction\":[{\"@type\":\"SearchAction\",\"target\":{\"@type\":\"EntryPoint\",\"urlTemplate\":\"https:\/\/www.unicalaundrysystems.com\/es\/?s={search_term_string}\"},\"query-input\":\"required name=search_term_string\"}],\"inLanguage\":\"de-DE\"},{\"@type\":\"Organization\",\"@id\":\"https:\/\/www.unicalaundrysystems.com\/es\/#organization\",\"name\":\"Unica Laundry Systems\",\"url\":\"https:\/\/www.unicalaundrysystems.com\/es\/\",\"logo\":{\"@type\":\"ImageObject\",\"inLanguage\":\"de-DE\",\"@id\":\"https:\/\/www.unicalaundrysystems.com\/es\/#\/schema\/logo\/image\/\",\"url\":\"https:\/\/www.unicalaundrysystems.com\/wp-content\/uploads\/2019\/09\/unica-logo-date-color.png\",\"contentUrl\":\"https:\/\/www.unicalaundrysystems.com\/wp-content\/uploads\/2019\/09\/unica-logo-date-color.png\",\"width\":2372,\"height\":544,\"caption\":\"Unica Laundry Systems\"},\"image\":{\"@id\":\"https:\/\/www.unicalaundrysystems.com\/es\/#\/schema\/logo\/image\/\"}}]}<\/script>\n<!-- \/ Yoast SEO plugin. -->","yoast_head_json":{"title":"Technische Ausstattung &#8211; Unica Laundry Systems","robots":{"index":"index","follow":"follow","max-snippet":"max-snippet:-1","max-image-preview":"max-image-preview:large","max-video-preview":"max-video-preview:-1"},"canonical":"https:\/\/www.unicalaundrysystems.com\/de\/technische-ausruestung\/","og_locale":"de_DE","og_type":"article","og_title":"Technische Ausstattung &#8211; Unica Laundry Systems","og_url":"https:\/\/www.unicalaundrysystems.com\/de\/technische-ausruestung\/","og_site_name":"Unica Laundry Systems","article_modified_time":"2020-03-02T11:36:43+00:00","twitter_card":"summary_large_image","twitter_misc":{"Est. reading time":"12 minutes"},"schema":{"@context":"https:\/\/schema.org","@graph":[{"@type":"WebPage","@id":"https:\/\/www.unicalaundrysystems.com\/de\/technische-ausruestung\/","url":"https:\/\/www.unicalaundrysystems.com\/de\/technische-ausruestung\/","name":"Technische Ausstattung &#8211; Unica Laundry Systems","isPartOf":{"@id":"https:\/\/www.unicalaundrysystems.com\/es\/#website"},"datePublished":"2020-02-17T15:25:47+00:00","dateModified":"2020-03-02T11:36:43+00:00","breadcrumb":{"@id":"https:\/\/www.unicalaundrysystems.com\/de\/technische-ausruestung\/#breadcrumb"},"inLanguage":"de-DE","potentialAction":[{"@type":"ReadAction","target":["https:\/\/www.unicalaundrysystems.com\/de\/technische-ausruestung\/"]}]},{"@type":"BreadcrumbList","@id":"https:\/\/www.unicalaundrysystems.com\/de\/technische-ausruestung\/#breadcrumb","itemListElement":[{"@type":"ListItem","position":1,"name":"Home","item":"https:\/\/www.unicalaundrysystems.com\/de\/"},{"@type":"ListItem","position":2,"name":"Technische Ausstattung"}]},{"@type":"WebSite","@id":"https:\/\/www.unicalaundrysystems.com\/es\/#website","url":"https:\/\/www.unicalaundrysystems.com\/es\/","name":"Unica Laundry Systems","description":"Laveuses-essoreuses industrielles de fabrication belge","publisher":{"@id":"https:\/\/www.unicalaundrysystems.com\/es\/#organization"},"potentialAction":[{"@type":"SearchAction","target":{"@type":"EntryPoint","urlTemplate":"https:\/\/www.unicalaundrysystems.com\/es\/?s={search_term_string}"},"query-input":"required name=search_term_string"}],"inLanguage":"de-DE"},{"@type":"Organization","@id":"https:\/\/www.unicalaundrysystems.com\/es\/#organization","name":"Unica Laundry Systems","url":"https:\/\/www.unicalaundrysystems.com\/es\/","logo":{"@type":"ImageObject","inLanguage":"de-DE","@id":"https:\/\/www.unicalaundrysystems.com\/es\/#\/schema\/logo\/image\/","url":"https:\/\/www.unicalaundrysystems.com\/wp-content\/uploads\/2019\/09\/unica-logo-date-color.png","contentUrl":"https:\/\/www.unicalaundrysystems.com\/wp-content\/uploads\/2019\/09\/unica-logo-date-color.png","width":2372,"height":544,"caption":"Unica Laundry Systems"},"image":{"@id":"https:\/\/www.unicalaundrysystems.com\/es\/#\/schema\/logo\/image\/"}}]}},"_links":{"self":[{"href":"https:\/\/www.unicalaundrysystems.com\/de\/wp-json\/wp\/v2\/pages\/31013"}],"collection":[{"href":"https:\/\/www.unicalaundrysystems.com\/de\/wp-json\/wp\/v2\/pages"}],"about":[{"href":"https:\/\/www.unicalaundrysystems.com\/de\/wp-json\/wp\/v2\/types\/page"}],"author":[{"embeddable":true,"href":"https:\/\/www.unicalaundrysystems.com\/de\/wp-json\/wp\/v2\/users\/2"}],"replies":[{"embeddable":true,"href":"https:\/\/www.unicalaundrysystems.com\/de\/wp-json\/wp\/v2\/comments?post=31013"}],"version-history":[{"count":5,"href":"https:\/\/www.unicalaundrysystems.com\/de\/wp-json\/wp\/v2\/pages\/31013\/revisions"}],"predecessor-version":[{"id":31625,"href":"https:\/\/www.unicalaundrysystems.com\/de\/wp-json\/wp\/v2\/pages\/31013\/revisions\/31625"}],"wp:attachment":[{"href":"https:\/\/www.unicalaundrysystems.com\/de\/wp-json\/wp\/v2\/media?parent=31013"}],"curies":[{"name":"wp","href":"https:\/\/api.w.org\/{rel}","templated":true}]}}