{"id":29518,"date":"2019-08-28T08:56:30","date_gmt":"2019-08-28T08:56:30","guid":{"rendered":"https:\/\/pl9qayfvu.preview.infomaniak.website\/pourquoi-unica\/"},"modified":"2023-06-02T11:27:36","modified_gmt":"2023-06-02T09:27:36","slug":"por-que-unica","status":"publish","type":"page","link":"https:\/\/www.unicalaundrysystems.com\/es\/por-que-unica\/","title":{"rendered":"POR QUE UNICA?"},"content":{"rendered":"<p><div class=\"fusion-fullwidth fullwidth-box fusion-builder-row-1 fusion-parallax-none header-home nonhundred-percent-fullwidth non-hundred-percent-height-scrolling\" style=\"--awb-border-radius-top-left:0px;--awb-border-radius-top-right:0px;--awb-border-radius-bottom-right:0px;--awb-border-radius-bottom-left:0px;--awb-padding-top:200px;--awb-padding-bottom:200px;--awb-background-image:url(&quot;https:\/\/www.unicalaundrysystems.com\/wp-content\/uploads\/2019\/09\/header-why-unica.jpg&quot;);--awb-background-size:cover;--awb-flex-wrap:wrap;\" ><div class=\"fusion-builder-row fusion-row\"><div class=\"fusion-layout-column fusion_builder_column fusion-builder-column-0 fusion_builder_column_1_2 1_2 fusion-one-half fusion-column-first\" style=\"--awb-bg-size:cover;--awb-margin-bottom:0px;width:50%;width:calc(50% - ( ( 4% ) * 0.5 ) );margin-right: 4%;\"><div class=\"fusion-column-wrapper fusion-column-has-shadow fusion-flex-column-wrapper-legacy\"><div class=\"fusion-text fusion-text-1\"><h1 style=\"text-transform: uppercase;\"><span lang=\"FR-BE\"><span lang=\"ES\">Calidad europea<br \/>\ny excelente servicio<br \/>\npostventa<\/span>ualit\u00e9<\/span><\/h1>\n<\/div><div class=\"fusion-image-element in-legacy-container\" style=\"--awb-caption-title-font-family:var(--h2_typography-font-family);--awb-caption-title-font-weight:var(--h2_typography-font-weight);--awb-caption-title-font-style:var(--h2_typography-font-style);--awb-caption-title-size:var(--h2_typography-font-size);--awb-caption-title-transform:var(--h2_typography-text-transform);--awb-caption-title-line-height:var(--h2_typography-line-height);--awb-caption-title-letter-spacing:var(--h2_typography-letter-spacing);\"><span class=\" fusion-imageframe imageframe-none imageframe-1 hover-type-none separator-line\"><img decoding=\"async\" width=\"75\" height=\"10\" alt=\"Separator Unica Laundry Systems Laveuses Essoreuses\" title=\"Trazado 263\" src=\"https:\/\/www.unicalaundrysystems.com\/wp-content\/uploads\/2019\/08\/trazado-263.png\" class=\"img-responsive wp-image-29365\" srcset=\"https:\/\/www.unicalaundrysystems.com\/wp-content\/uploads\/2019\/08\/trazado-263-66x10.png 66w, https:\/\/www.unicalaundrysystems.com\/wp-content\/uploads\/2019\/08\/trazado-263.png 75w\" sizes=\"(max-width: 75px) 100vw, 75px\" \/><\/span><\/div><div class=\"fusion-clearfix\"><\/div><\/div><\/div><div class=\"fusion-layout-column fusion_builder_column fusion-builder-column-1 fusion_builder_column_1_2 1_2 fusion-one-half fusion-column-last\" style=\"--awb-bg-size:cover;--awb-margin-bottom:0px;width:50%;width:calc(50% - ( ( 4% ) * 0.5 ) );\"><div class=\"fusion-column-wrapper fusion-column-has-shadow fusion-flex-column-wrapper-legacy\"><div class=\"fusion-clearfix\"><\/div><\/div><\/div><\/div><\/div><div class=\"fusion-fullwidth fullwidth-box fusion-builder-row-2 fusion-parallax-none main-why-unica nonhundred-percent-fullwidth non-hundred-percent-height-scrolling\" style=\"--awb-background-position:left top;--awb-border-radius-top-left:0px;--awb-border-radius-top-right:0px;--awb-border-radius-bottom-right:0px;--awb-border-radius-bottom-left:0px;--awb-padding-top:100px;--awb-padding-bottom:0px;--awb-background-image:url(&quot;https:\/\/www.unicalaundrysystems.com\/wp-content\/uploads\/2019\/09\/bg-main-why-unica.jpg&quot;);--awb-background-size:cover;--awb-flex-wrap:wrap;\" ><div class=\"fusion-builder-row fusion-row\"><div class=\"fusion-layout-column fusion_builder_column fusion-builder-column-2 fusion_builder_column_1_4 1_4 fusion-one-fourth fusion-column-first\" style=\"--awb-bg-size:cover;width:25%;width:calc(25% - ( ( 4% + 4% ) * 0.25 ) );margin-right: 4%;\"><div class=\"fusion-column-wrapper fusion-column-has-shadow fusion-flex-column-wrapper-legacy\"><div class=\"fusion-clearfix\"><\/div><\/div><\/div><div class=\"fusion-layout-column fusion_builder_column fusion-builder-column-3 fusion_builder_column_1_2 1_2 fusion-one-half section-experience\" style=\"--awb-padding-bottom:100px;--awb-bg-size:cover;width:50%;width:calc(50% - ( ( 4% + 4% ) * 0.5 ) );margin-right: 4%;\"><div class=\"fusion-column-wrapper fusion-column-has-shadow fusion-flex-column-wrapper-legacy\"><div class=\"fusion-text fusion-text-2\"><h2 style=\"text-transform: uppercase;\">mas de 90 a\u00f1os de experiencia<\/h2>\n<\/div><div class=\"fusion-image-element in-legacy-container\" style=\"--awb-caption-title-font-family:var(--h2_typography-font-family);--awb-caption-title-font-weight:var(--h2_typography-font-weight);--awb-caption-title-font-style:var(--h2_typography-font-style);--awb-caption-title-size:var(--h2_typography-font-size);--awb-caption-title-transform:var(--h2_typography-text-transform);--awb-caption-title-line-height:var(--h2_typography-line-height);--awb-caption-title-letter-spacing:var(--h2_typography-letter-spacing);\"><span class=\" fusion-imageframe imageframe-none imageframe-2 hover-type-none separator-line\"><img decoding=\"async\" width=\"75\" height=\"10\" alt=\"Separator Unica Laundry Systems Laveuses Essoreuses\" title=\"Trazado 213\" src=\"https:\/\/www.unicalaundrysystems.com\/wp-content\/uploads\/2019\/08\/trazado-213.png\" class=\"img-responsive wp-image-29367\" srcset=\"https:\/\/www.unicalaundrysystems.com\/wp-content\/uploads\/2019\/08\/trazado-213-66x10.png 66w, https:\/\/www.unicalaundrysystems.com\/wp-content\/uploads\/2019\/08\/trazado-213.png 75w\" sizes=\"(max-width: 75px) 100vw, 75px\" \/><\/span><\/div><div class=\"fusion-text fusion-text-3\"><p>Desde 1932, la familia Degrave fomenta la b\u00fasqueda de la calidad en todos los niveles: dise\u00f1o, desarrollo, fabricaci\u00f3n, servicio y entrega de lavadoras-centrifugadoras de gran capacidad.<\/p>\n<p><strong>Resultados: UNICA ofrece mucho m\u00e1s que m\u00e1quinas de alta calidad t\u00e9cnica. L<span lang=\"ES\">as lavadoras-centrifugadoras UNICA est\u00e1n ahora equipadas con varias <b>tecnolog\u00edas patentadas.<\/b>Cumplen con las normas europeas y ofrecen una calidad apreciada en m\u00e1s de 50 pa\u00edses de todo el mundo.<\/span><\/strong><\/p>\n<\/div><div class=\"fusion-clearfix\"><\/div><\/div><\/div><div class=\"fusion-layout-column fusion_builder_column fusion-builder-column-4 fusion_builder_column_1_4 1_4 fusion-one-fourth fusion-column-last\" style=\"--awb-bg-size:cover;width:25%;width:calc(25% - ( ( 4% + 4% ) * 0.25 ) );\"><div class=\"fusion-column-wrapper fusion-column-has-shadow fusion-flex-column-wrapper-legacy\"><div class=\"fusion-clearfix\"><\/div><\/div><\/div><div class=\"fusion-layout-column fusion_builder_column fusion-builder-column-5 fusion_builder_column_1_1 1_1 fusion-one-full fusion-column-first fusion-column-last section-qualite\" style=\"--awb-bg-image:url(&#039;https:\/\/www.unicalaundrysystems.com\/wp-content\/uploads\/2020\/06\/new-bg-section-qualite.jpg&#039;);--awb-bg-position:center center;--awb-bg-size:cover;\"><div class=\"fusion-column-wrapper fusion-column-has-shadow fusion-flex-column-wrapper-legacy fusion-column-has-bg-image\" data-bg-url=\"https:\/\/www.unicalaundrysystems.com\/wp-content\/uploads\/2020\/06\/new-bg-section-qualite.jpg\"><div class=\"fusion-builder-row fusion-builder-row-inner fusion-row\"><div class=\"fusion-layout-column fusion_builder_column_inner fusion-builder-nested-column-0 fusion_builder_column_inner_1_2 1_2 fusion-one-half fusion-column-first\" style=\"--awb-bg-position:right center;--awb-bg-size:cover;--awb-margin-bottom:0px;width:50%;width:calc(50% - ( ( 4% ) * 0.5 ) );margin-right: 4%;\"><div class=\"fusion-column-wrapper fusion-column-has-shadow fusion-flex-column-wrapper-legacy\"><div class=\"fusion-clearfix\"><\/div><\/div><\/div><div class=\"fusion-layout-column fusion_builder_column_inner fusion-builder-nested-column-1 fusion_builder_column_inner_1_2 1_2 fusion-one-half fusion-column-last\" style=\"--awb-padding-top:80px;--awb-padding-right:100px;--awb-padding-bottom:80px;--awb-padding-left:100px;--awb-bg-size:cover;--awb-margin-bottom:0px;width:50%;width:calc(50% - ( ( 4% ) * 0.5 ) );\"><div class=\"fusion-column-wrapper fusion-column-has-shadow fusion-flex-column-wrapper-legacy\"><div class=\"fusion-title title fusion-title-1 fusion-sep-none fusion-title-text fusion-title-size-three\"><h3 class=\"fusion-title-heading title-heading-left\" style=\"margin:0;\">Dise\u00f1o y fabricaci\u00f3n con certificaci\u00f3n CE<\/h3><\/div><div class=\"fusion-text fusion-text-4\"><p>Todas las lavadoras-centrifugadoras UNICA est\u00e1n dise\u00f1adas para ser <strong>f\u00e1ciles de instalar<\/strong>, sin necesidad de anclaje, en el <strong>menor espacio posible.<\/strong><\/p>\n<p>Ofrecen un <strong>uso ergon\u00f3mico<\/strong>, especialmente para la carga y descarga, y un <strong>f\u00e1cil acceso t\u00e9cnico<\/strong>.<\/p>\n<p>Finalmente, se <strong>reduce<\/strong> el <strong>consumo<\/strong> de agua, electricidad, vapor y productos qu\u00edmicos. Esta es una de las razones por las que las m\u00e1quinas UNICA, fabricadas en B\u00e9lgica, cuentan con <strong>certificaci\u00f3n CE.<\/strong><\/p>\n<\/div><div class=\"fusion-clearfix\"><\/div><\/div><\/div><\/div><div class=\"fusion-clearfix\"><\/div><\/div><\/div><\/div><\/div><div class=\"fusion-fullwidth fullwidth-box fusion-builder-row-3 section-boxes nonhundred-percent-fullwidth non-hundred-percent-height-scrolling fusion-equal-height-columns\" style=\"--awb-border-radius-top-left:0px;--awb-border-radius-top-right:0px;--awb-border-radius-bottom-right:0px;--awb-border-radius-bottom-left:0px;--awb-padding-top:0px;--awb-margin-top:50px;--awb-flex-wrap:wrap;\" ><div class=\"fusion-builder-row fusion-row\"><div class=\"fusion-layout-column fusion_builder_column fusion-builder-column-6 fusion_builder_column_1_3 1_3 fusion-one-third fusion-column-first\" style=\"--awb-padding-top:70px;--awb-padding-right:80px;--awb-padding-bottom:70px;--awb-padding-left:80px;--awb-bg-color:#eaf7fd;--awb-bg-color-hover:#eaf7fd;--awb-bg-size:cover;--awb-margin-top:40px;--awb-margin-bottom:40px;width:33.333333333333%;width:calc(33.333333333333% - ( ( 1% ) * 0.33333333333333 ) );margin-right: 1%;\"><div class=\"fusion-column-wrapper fusion-column-has-shadow fusion-flex-column-wrapper-legacy\"><div class=\"fusion-image-element fusion-image-align-center in-legacy-container\" style=\"text-align:center;--awb-caption-title-font-family:var(--h2_typography-font-family);--awb-caption-title-font-weight:var(--h2_typography-font-weight);--awb-caption-title-font-style:var(--h2_typography-font-style);--awb-caption-title-size:var(--h2_typography-font-size);--awb-caption-title-transform:var(--h2_typography-text-transform);--awb-caption-title-line-height:var(--h2_typography-line-height);--awb-caption-title-letter-spacing:var(--h2_typography-letter-spacing);\"><div class=\"imageframe-align-center\"><span class=\" fusion-imageframe imageframe-none imageframe-3 hover-type-none\"><img decoding=\"async\" width=\"70\" height=\"70\" alt=\"Icon Service Unica Laundry Systems Laveuses Essoreuses\" title=\"unica-icone-service\" src=\"https:\/\/www.unicalaundrysystems.com\/wp-content\/uploads\/2019\/09\/unica-icone-service.png\" class=\"img-responsive wp-image-30678\" srcset=\"https:\/\/www.unicalaundrysystems.com\/wp-content\/uploads\/2019\/09\/unica-icone-service-66x66.png 66w, https:\/\/www.unicalaundrysystems.com\/wp-content\/uploads\/2019\/09\/unica-icone-service.png 70w\" sizes=\"(max-width: 70px) 100vw, 70px\" \/><\/span><\/div><\/div><div class=\"fusion-text fusion-text-5\"><h4>ASSISTENCIA TELEF\u00d3NICA 24\/24 Y 7\/7<br \/>\nEN EL N\u00daMERO +32 (0)52 38 16 16 16 16<\/h4>\n<\/div><div class=\"fusion-text fusion-text-6\"><ul>\n<li>Reforzada por nuestro <strong>director t\u00e9cnico<\/strong><\/li>\n<li><strong>Con sede en B\u00e9lgica<\/strong>, cerca de un almac\u00e9n con todas las referencias de piezas de recambio<\/li>\n<li>Siempre capaz de encontrar una <strong>soluci\u00f3n r\u00e1pida y completa\u00a0<\/strong>para usted<\/li>\n<li>Con la posibilidad de responderle <strong>en su idioma<\/strong>(FR, NL, EN, EN, EN, PT, ES, IT)<\/li>\n<\/ul>\n<\/div><div class=\"fusion-clearfix\"><\/div><\/div><\/div><div class=\"fusion-layout-column fusion_builder_column fusion-builder-column-7 fusion_builder_column_1_3 1_3 fusion-one-third fusion-column-last\" style=\"--awb-padding-top:70px;--awb-padding-right:80px;--awb-padding-bottom:70px;--awb-padding-left:80px;--awb-bg-color:#eaf7fd;--awb-bg-color-hover:#eaf7fd;--awb-bg-size:cover;--awb-margin-top:40px;--awb-margin-bottom:40px;width:33.333333333333%;width:calc(33.333333333333% - ( ( 1% ) * 0.33333333333333 ) );\"><div class=\"fusion-column-wrapper fusion-column-has-shadow fusion-flex-column-wrapper-legacy\"><div class=\"fusion-image-element fusion-image-align-center in-legacy-container\" style=\"text-align:center;--awb-caption-title-font-family:var(--h2_typography-font-family);--awb-caption-title-font-weight:var(--h2_typography-font-weight);--awb-caption-title-font-style:var(--h2_typography-font-style);--awb-caption-title-size:var(--h2_typography-font-size);--awb-caption-title-transform:var(--h2_typography-text-transform);--awb-caption-title-line-height:var(--h2_typography-line-height);--awb-caption-title-letter-spacing:var(--h2_typography-letter-spacing);\"><div class=\"imageframe-align-center\"><span class=\" fusion-imageframe imageframe-none imageframe-4 hover-type-none\"><img decoding=\"async\" width=\"70\" height=\"70\" alt=\"Icon Livraison Unica Laundry Systems Laveuses Essoreuses\" title=\"unica-icone-livraison\" src=\"https:\/\/www.unicalaundrysystems.com\/wp-content\/uploads\/2019\/09\/unica-icone-livraison.png\" class=\"img-responsive wp-image-30672\" srcset=\"https:\/\/www.unicalaundrysystems.com\/wp-content\/uploads\/2019\/09\/unica-icone-livraison-66x66.png 66w, https:\/\/www.unicalaundrysystems.com\/wp-content\/uploads\/2019\/09\/unica-icone-livraison.png 70w\" sizes=\"(max-width: 70px) 100vw, 70px\" \/><\/span><\/div><\/div><div class=\"fusion-text fusion-text-7\"><h4>ASISTENCIA T\u00c9CNICA EN TODO EL MUNDO<\/h4>\n<\/div><div class=\"fusion-text fusion-text-8\"><p>Como una valiosa extensi\u00f3n de su calidad de fabricaci\u00f3n, la <strong>asistencia t\u00e9cnica\u00a0<\/strong>de UNICA comienza con la <strong>puesta en marcha de las m\u00e1quinas<\/strong>: un equipo t\u00e9cnico experimentado le ayuda en cualquier parte del mundo.<\/p>\n<p>La asistencia t\u00e9cnica tambi\u00e9n est\u00e1 disponible para cualquier servicio en sus instalaciones durante la larga vida \u00fatil de las m\u00e1quinas UNICA.<br \/>\n<strong>Nuestro compromiso: mantener su producci\u00f3n.<\/strong><\/p>\n<\/div><div class=\"fusion-clearfix\"><\/div><\/div><\/div><\/div><\/div><div class=\"fusion-fullwidth fullwidth-box fusion-builder-row-4 fusion-parallax-none bloc-solution nonhundred-percent-fullwidth non-hundred-percent-height-scrolling\" style=\"--awb-border-radius-top-left:0px;--awb-border-radius-top-right:0px;--awb-border-radius-bottom-right:0px;--awb-border-radius-bottom-left:0px;--awb-padding-top:100px;--awb-padding-bottom:80px;--awb-margin-top:0px;--awb-margin-bottom:0px;--awb-background-image:url(&quot;https:\/\/www.unicalaundrysystems.com\/wp-content\/uploads\/2019\/09\/bg-contact-why-unica.jpg&quot;);--awb-background-size:cover;--awb-flex-wrap:wrap;\" ><div class=\"fusion-builder-row fusion-row\"><div class=\"fusion-layout-column fusion_builder_column fusion-builder-column-8 fusion_builder_column_2_3 2_3 fusion-two-third fusion-column-first\" style=\"--awb-bg-size:cover;width:66.666666666667%;width:calc(66.666666666667% - ( ( 4% ) * 0.66666666666667 ) );margin-right: 4%;\"><div class=\"fusion-column-wrapper fusion-column-has-shadow fusion-flex-column-wrapper-legacy\"><div class=\"fusion-clearfix\"><\/div><\/div><\/div><div class=\"fusion-layout-column fusion_builder_column fusion-builder-column-9 fusion_builder_column_1_3 1_3 fusion-one-third fusion-column-last\" style=\"--awb-bg-size:cover;width:33.333333333333%;width:calc(33.333333333333% - ( ( 4% ) * 0.33333333333333 ) );\"><div class=\"fusion-column-wrapper fusion-column-has-shadow fusion-flex-column-wrapper-legacy\"><div class=\"fusion-column-content-centered\"><div class=\"fusion-column-content\"><div class=\"fusion-title title fusion-title-2 fusion-sep-none fusion-title-center fusion-title-text fusion-title-size-two title2-big\"><h2 class=\"fusion-title-heading title-heading-center\" style=\"margin:0;\"><h2 style=\"text-align: center;\"><span lang=\"FR-BE\" style=\"color: #bb082c;\"><b><span lang=\"ES\">\u00bfQUIERE SABER LO QUE UNICA<br \/>\nPUEDE HACER POR USTED?\u00a0<\/span><\/b><\/span><\/h2><\/h2><\/div><div class=\"fusion-text fusion-text-9 text-white\"><p style=\"text-align: center;\">\u00bfQu\u00e9 sucede si se re\u00fane con un asesor t\u00e9cnico de UNICA? Con \u00e9l, entender\u00e1 mejor sus necesidades y sabr\u00e1 qu\u00e9 soluci\u00f3n de UNICA puede ofrecerle para un lavado limpio y econ\u00f3mico de su ropa.<\/p>\n<\/div><div class=\"fusion-aligncenter\"><a class=\"fusion-button button-flat fusion-button-default-size button-default fusion-button-default button-1 fusion-button-default-span fusion-button-default-type\" style=\"--button_text_transform:uppercase;\" target=\"_self\" href=\"https:\/\/www.unicalaundrysystems.com\/es\/contacto\/\"><span class=\"fusion-button-text\">Contactar con UNICA<\/span><\/a><\/div><\/div><\/div><div class=\"fusion-clearfix\"><\/div><\/div><\/div><\/div><\/div><\/p>\n","protected":false},"excerpt":{"rendered":"","protected":false},"author":5,"featured_media":0,"parent":0,"menu_order":2,"comment_status":"closed","ping_status":"open","template":"100-width.php","meta":{"footnotes":""},"class_list":["post-29518","page","type-page","status-publish","hentry"],"yoast_head":"<!-- This site is optimized with the Yoast SEO plugin v23.1 - https:\/\/yoast.com\/wordpress\/plugins\/seo\/ -->\n<title>POR QUE UNICA? &#8211; Unica Laundry Systems<\/title>\n<meta name=\"robots\" content=\"index, follow, max-snippet:-1, max-image-preview:large, max-video-preview:-1\" \/>\n<link rel=\"canonical\" href=\"https:\/\/www.unicalaundrysystems.com\/es\/por-que-unica\/\" \/>\n<meta property=\"og:locale\" content=\"es_ES\" \/>\n<meta property=\"og:type\" content=\"article\" \/>\n<meta property=\"og:title\" content=\"POR QUE UNICA? &#8211; Unica Laundry Systems\" \/>\n<meta property=\"og:url\" content=\"https:\/\/www.unicalaundrysystems.com\/es\/por-que-unica\/\" \/>\n<meta property=\"og:site_name\" content=\"Unica Laundry Systems\" \/>\n<meta property=\"article:modified_time\" content=\"2023-06-02T09:27:36+00:00\" \/>\n<meta name=\"twitter:card\" content=\"summary_large_image\" \/>\n<meta name=\"twitter:label1\" content=\"Est. reading time\" \/>\n\t<meta name=\"twitter:data1\" content=\"8 minutes\" \/>\n<script type=\"application\/ld+json\" class=\"yoast-schema-graph\">{\"@context\":\"https:\/\/schema.org\",\"@graph\":[{\"@type\":\"WebPage\",\"@id\":\"https:\/\/www.unicalaundrysystems.com\/es\/por-que-unica\/\",\"url\":\"https:\/\/www.unicalaundrysystems.com\/es\/por-que-unica\/\",\"name\":\"POR QUE UNICA? &#8211; Unica Laundry Systems\",\"isPartOf\":{\"@id\":\"https:\/\/www.unicalaundrysystems.com\/es\/#website\"},\"datePublished\":\"2019-08-28T08:56:30+00:00\",\"dateModified\":\"2023-06-02T09:27:36+00:00\",\"breadcrumb\":{\"@id\":\"https:\/\/www.unicalaundrysystems.com\/es\/por-que-unica\/#breadcrumb\"},\"inLanguage\":\"es-ES\",\"potentialAction\":[{\"@type\":\"ReadAction\",\"target\":[\"https:\/\/www.unicalaundrysystems.com\/es\/por-que-unica\/\"]}]},{\"@type\":\"BreadcrumbList\",\"@id\":\"https:\/\/www.unicalaundrysystems.com\/es\/por-que-unica\/#breadcrumb\",\"itemListElement\":[{\"@type\":\"ListItem\",\"position\":1,\"name\":\"Home\",\"item\":\"https:\/\/www.unicalaundrysystems.com\/es\/\"},{\"@type\":\"ListItem\",\"position\":2,\"name\":\"POR QUE UNICA?\"}]},{\"@type\":\"WebSite\",\"@id\":\"https:\/\/www.unicalaundrysystems.com\/es\/#website\",\"url\":\"https:\/\/www.unicalaundrysystems.com\/es\/\",\"name\":\"Unica Laundry Systems\",\"description\":\"Laveuses-essoreuses industrielles de fabrication belge\",\"publisher\":{\"@id\":\"https:\/\/www.unicalaundrysystems.com\/es\/#organization\"},\"potentialAction\":[{\"@type\":\"SearchAction\",\"target\":{\"@type\":\"EntryPoint\",\"urlTemplate\":\"https:\/\/www.unicalaundrysystems.com\/es\/?s={search_term_string}\"},\"query-input\":\"required name=search_term_string\"}],\"inLanguage\":\"es-ES\"},{\"@type\":\"Organization\",\"@id\":\"https:\/\/www.unicalaundrysystems.com\/es\/#organization\",\"name\":\"Unica Laundry Systems\",\"url\":\"https:\/\/www.unicalaundrysystems.com\/es\/\",\"logo\":{\"@type\":\"ImageObject\",\"inLanguage\":\"es-ES\",\"@id\":\"https:\/\/www.unicalaundrysystems.com\/es\/#\/schema\/logo\/image\/\",\"url\":\"https:\/\/www.unicalaundrysystems.com\/wp-content\/uploads\/2019\/09\/unica-logo-date-color.png\",\"contentUrl\":\"https:\/\/www.unicalaundrysystems.com\/wp-content\/uploads\/2019\/09\/unica-logo-date-color.png\",\"width\":2372,\"height\":544,\"caption\":\"Unica Laundry Systems\"},\"image\":{\"@id\":\"https:\/\/www.unicalaundrysystems.com\/es\/#\/schema\/logo\/image\/\"}}]}<\/script>\n<!-- \/ Yoast SEO plugin. -->","yoast_head_json":{"title":"POR QUE UNICA? &#8211; Unica Laundry Systems","robots":{"index":"index","follow":"follow","max-snippet":"max-snippet:-1","max-image-preview":"max-image-preview:large","max-video-preview":"max-video-preview:-1"},"canonical":"https:\/\/www.unicalaundrysystems.com\/es\/por-que-unica\/","og_locale":"es_ES","og_type":"article","og_title":"POR QUE UNICA? &#8211; Unica Laundry Systems","og_url":"https:\/\/www.unicalaundrysystems.com\/es\/por-que-unica\/","og_site_name":"Unica Laundry Systems","article_modified_time":"2023-06-02T09:27:36+00:00","twitter_card":"summary_large_image","twitter_misc":{"Est. reading time":"8 minutes"},"schema":{"@context":"https:\/\/schema.org","@graph":[{"@type":"WebPage","@id":"https:\/\/www.unicalaundrysystems.com\/es\/por-que-unica\/","url":"https:\/\/www.unicalaundrysystems.com\/es\/por-que-unica\/","name":"POR QUE UNICA? &#8211; Unica Laundry Systems","isPartOf":{"@id":"https:\/\/www.unicalaundrysystems.com\/es\/#website"},"datePublished":"2019-08-28T08:56:30+00:00","dateModified":"2023-06-02T09:27:36+00:00","breadcrumb":{"@id":"https:\/\/www.unicalaundrysystems.com\/es\/por-que-unica\/#breadcrumb"},"inLanguage":"es-ES","potentialAction":[{"@type":"ReadAction","target":["https:\/\/www.unicalaundrysystems.com\/es\/por-que-unica\/"]}]},{"@type":"BreadcrumbList","@id":"https:\/\/www.unicalaundrysystems.com\/es\/por-que-unica\/#breadcrumb","itemListElement":[{"@type":"ListItem","position":1,"name":"Home","item":"https:\/\/www.unicalaundrysystems.com\/es\/"},{"@type":"ListItem","position":2,"name":"POR QUE UNICA?"}]},{"@type":"WebSite","@id":"https:\/\/www.unicalaundrysystems.com\/es\/#website","url":"https:\/\/www.unicalaundrysystems.com\/es\/","name":"Unica Laundry Systems","description":"Laveuses-essoreuses industrielles de fabrication belge","publisher":{"@id":"https:\/\/www.unicalaundrysystems.com\/es\/#organization"},"potentialAction":[{"@type":"SearchAction","target":{"@type":"EntryPoint","urlTemplate":"https:\/\/www.unicalaundrysystems.com\/es\/?s={search_term_string}"},"query-input":"required name=search_term_string"}],"inLanguage":"es-ES"},{"@type":"Organization","@id":"https:\/\/www.unicalaundrysystems.com\/es\/#organization","name":"Unica Laundry Systems","url":"https:\/\/www.unicalaundrysystems.com\/es\/","logo":{"@type":"ImageObject","inLanguage":"es-ES","@id":"https:\/\/www.unicalaundrysystems.com\/es\/#\/schema\/logo\/image\/","url":"https:\/\/www.unicalaundrysystems.com\/wp-content\/uploads\/2019\/09\/unica-logo-date-color.png","contentUrl":"https:\/\/www.unicalaundrysystems.com\/wp-content\/uploads\/2019\/09\/unica-logo-date-color.png","width":2372,"height":544,"caption":"Unica Laundry Systems"},"image":{"@id":"https:\/\/www.unicalaundrysystems.com\/es\/#\/schema\/logo\/image\/"}}]}},"_links":{"self":[{"href":"https:\/\/www.unicalaundrysystems.com\/es\/wp-json\/wp\/v2\/pages\/29518"}],"collection":[{"href":"https:\/\/www.unicalaundrysystems.com\/es\/wp-json\/wp\/v2\/pages"}],"about":[{"href":"https:\/\/www.unicalaundrysystems.com\/es\/wp-json\/wp\/v2\/types\/page"}],"author":[{"embeddable":true,"href":"https:\/\/www.unicalaundrysystems.com\/es\/wp-json\/wp\/v2\/users\/5"}],"replies":[{"embeddable":true,"href":"https:\/\/www.unicalaundrysystems.com\/es\/wp-json\/wp\/v2\/comments?post=29518"}],"version-history":[{"count":6,"href":"https:\/\/www.unicalaundrysystems.com\/es\/wp-json\/wp\/v2\/pages\/29518\/revisions"}],"predecessor-version":[{"id":36430,"href":"https:\/\/www.unicalaundrysystems.com\/es\/wp-json\/wp\/v2\/pages\/29518\/revisions\/36430"}],"wp:attachment":[{"href":"https:\/\/www.unicalaundrysystems.com\/es\/wp-json\/wp\/v2\/media?parent=29518"}],"curies":[{"name":"wp","href":"https:\/\/api.w.org\/{rel}","templated":true}]}}