{"id":30967,"date":"2020-01-16T11:45:15","date_gmt":"2020-01-16T10:45:15","guid":{"rendered":"https:\/\/www.unicalaundrysystems.com\/news\/"},"modified":"2020-03-25T14:39:58","modified_gmt":"2020-03-25T13:39:58","slug":"noticias","status":"publish","type":"page","link":"https:\/\/www.unicalaundrysystems.com\/es\/noticias\/","title":{"rendered":"Noticias"},"content":{"rendered":"<p><div class=\"fusion-fullwidth fullwidth-box fusion-builder-row-1 fusion-parallax-none header-home nonhundred-percent-fullwidth non-hundred-percent-height-scrolling\" style=\"--awb-background-position:center top;--awb-border-radius-top-left:0px;--awb-border-radius-top-right:0px;--awb-border-radius-bottom-right:0px;--awb-border-radius-bottom-left:0px;--awb-padding-top:250px;--awb-padding-bottom:150px;--awb-background-image:url(&quot;https:\/\/www.unicalaundrysystems.com\/wp-content\/uploads\/2020\/02\/unica-website-news.png&quot;);--awb-background-size:cover;--awb-flex-wrap:wrap;\" ><div class=\"fusion-builder-row fusion-row\"><div class=\"fusion-layout-column fusion_builder_column fusion-builder-column-0 fusion_builder_column_1_2 1_2 fusion-one-half fusion-column-first\" style=\"--awb-bg-size:cover;--awb-margin-bottom:0px;width:50%;width:calc(50% - ( ( 4% ) * 0.5 ) );margin-right: 4%;\"><div class=\"fusion-column-wrapper fusion-column-has-shadow fusion-flex-column-wrapper-legacy\"><div class=\"fusion-text fusion-text-1\"><h1 style=\"text-transform: uppercase;\"><span lang=\"FR-BE\">LATEST News<\/span><\/h1>\n<\/div><div class=\"fusion-image-element in-legacy-container\" style=\"--awb-caption-title-font-family:var(--h2_typography-font-family);--awb-caption-title-font-weight:var(--h2_typography-font-weight);--awb-caption-title-font-style:var(--h2_typography-font-style);--awb-caption-title-size:var(--h2_typography-font-size);--awb-caption-title-transform:var(--h2_typography-text-transform);--awb-caption-title-line-height:var(--h2_typography-line-height);--awb-caption-title-letter-spacing:var(--h2_typography-letter-spacing);\"><span class=\" fusion-imageframe imageframe-none imageframe-1 hover-type-none separator-line\"><img decoding=\"async\" width=\"75\" height=\"10\" alt=\"Separator Unica Laundry Systems Laveuses Essoreuses\" title=\"Trazado 263\" src=\"https:\/\/www.unicalaundrysystems.com\/wp-content\/uploads\/2019\/08\/trazado-263.png\" class=\"img-responsive wp-image-29365\" srcset=\"https:\/\/www.unicalaundrysystems.com\/wp-content\/uploads\/2019\/08\/trazado-263-66x10.png 66w, https:\/\/www.unicalaundrysystems.com\/wp-content\/uploads\/2019\/08\/trazado-263.png 75w\" sizes=\"(max-width: 75px) 100vw, 75px\" \/><\/span><\/div><div class=\"fusion-clearfix\"><\/div><\/div><\/div><div class=\"fusion-layout-column fusion_builder_column fusion-builder-column-1 fusion_builder_column_1_2 1_2 fusion-one-half fusion-column-last\" style=\"--awb-bg-size:cover;--awb-margin-bottom:0px;width:50%;width:calc(50% - ( ( 4% ) * 0.5 ) );\"><div class=\"fusion-column-wrapper fusion-column-has-shadow fusion-flex-column-wrapper-legacy\"><div class=\"fusion-clearfix\"><\/div><\/div><\/div><\/div><\/div><div class=\"fusion-fullwidth fullwidth-box fusion-builder-row-2 nonhundred-percent-fullwidth non-hundred-percent-height-scrolling\" style=\"--awb-border-radius-top-left:0px;--awb-border-radius-top-right:0px;--awb-border-radius-bottom-right:0px;--awb-border-radius-bottom-left:0px;--awb-margin-top:50px;--awb-margin-bottom:50px;--awb-flex-wrap:wrap;\" ><div class=\"fusion-builder-row fusion-row\"><div class=\"fusion-layout-column fusion_builder_column fusion-builder-column-2 fusion_builder_column_1_1 1_1 fusion-one-full fusion-column-first fusion-column-last\" style=\"--awb-bg-size:cover;\"><div class=\"fusion-column-wrapper fusion-column-has-shadow fusion-flex-column-wrapper-legacy\"><div class=\"fusion-blog-shortcode fusion-blog-shortcode-1 fusion-blog-archive fusion-blog-layout-grid-wrapper fusion-blog-infinite\"><style type=\"text\/css\">.fusion-blog-shortcode-1 .fusion-blog-layout-grid .fusion-post-grid{padding:20px;}.fusion-blog-shortcode-1 .fusion-posts-container{margin-left: -20px !important; margin-right:-20px !important;}<\/style><div class=\"fusion-posts-container fusion-posts-container-infinite fusion-blog-rollover fusion-blog-layout-grid fusion-blog-layout-grid-3 isotope fusion-blog-equal-heights\" data-pages=\"1\" data-grid-col-space=\"40\" style=\"margin: -20px -20px 0;min-height:500px;\"><article id=\"blog-1-post-31981\" class=\"fusion-post-grid post-31981 post type-post status-publish format-standard hentry category-sin-categorizar\">\n<div class=\"fusion-post-wrapper\" style=\"background-color:rgba(255,255,255,0);border:1px solid #ebeaea;border-bottom-width:3px;\">\n\n<div class=\"fusion-post-content-wrapper\" style=\"padding:30px 25px 20px 25px;\"><div class=\"fusion-post-content post-content\"><h2 class=\"blog-shortcode-post-title entry-title\"><a href=\"https:\/\/www.unicalaundrysystems.com\/es\/como-elegir-una-lavadora-centrifugadora-industrial\/\">\u00bfC\u00f3mo elegir una lavadora centrifugadora industrial?<\/a><\/h2><p class=\"fusion-single-line-meta\"><span class=\"vcard\" style=\"display: none;\"><span class=\"fn\"><a href=\"https:\/\/www.unicalaundrysystems.com\/es\/author\/kevinmikodigital-com\/\" title=\"Posts by Kevin\" rel=\"author\">Kevin<\/a><\/span><\/span><span class=\"updated\" style=\"display:none;\">2021-03-12T13:37:48+01:00<\/span><span>9 July 2020<\/span><span class=\"fusion-inline-sep\">|<\/span><a href=\"https:\/\/www.unicalaundrysystems.com\/es\/category\/sin-categorizar\/\" rel=\"category tag\">Sin categorizar<\/a><span class=\"fusion-inline-sep\">|<\/span><\/p><div class=\"fusion-content-sep sep-double sep-solid\"><\/div><\/div><div class=\"fusion-meta-info\"><div class=\"fusion-alignleft\"><a class=\"fusion-read-more\" href=\"https:\/\/www.unicalaundrysystems.com\/es\/como-elegir-una-lavadora-centrifugadora-industrial\/\" aria-label=\"More on \u00bfC\u00f3mo elegir una lavadora centrifugadora industrial?\">Read More<\/a><\/div><\/div><\/div><div class=\"fusion-clearfix\"><\/div><\/div>\n<\/article>\n<article id=\"blog-1-post-30916\" class=\"fusion-post-grid post-30916 post type-post status-publish format-standard hentry category-sin-categorizar\">\n<div class=\"fusion-post-wrapper\" style=\"background-color:rgba(255,255,255,0);border:1px solid #ebeaea;border-bottom-width:3px;\">\n\n<div class=\"fusion-post-content-wrapper\" style=\"padding:30px 25px 20px 25px;\"><div class=\"fusion-post-content post-content\"><h2 class=\"blog-shortcode-post-title entry-title\"><a href=\"https:\/\/www.unicalaundrysystems.com\/es\/articulo-en-lcni-magazine-enero-2020\/\">Unica en los medios: art\u00edculo en LCNi Magazine Enero 2020<\/a><\/h2><p class=\"fusion-single-line-meta\"><span class=\"vcard\" style=\"display: none;\"><span class=\"fn\"><a href=\"https:\/\/www.unicalaundrysystems.com\/es\/author\/kevinmikodigital-com\/\" title=\"Posts by Kevin\" rel=\"author\">Kevin<\/a><\/span><\/span><span class=\"updated\" style=\"display:none;\">2021-03-12T13:57:58+01:00<\/span><span>17 January 2020<\/span><span class=\"fusion-inline-sep\">|<\/span><a href=\"https:\/\/www.unicalaundrysystems.com\/es\/category\/sin-categorizar\/\" rel=\"category tag\">Sin categorizar<\/a><span class=\"fusion-inline-sep\">|<\/span><\/p><div class=\"fusion-content-sep sep-double sep-solid\"><\/div><\/div><div class=\"fusion-meta-info\"><div class=\"fusion-alignleft\"><a class=\"fusion-read-more\" href=\"https:\/\/www.unicalaundrysystems.com\/es\/articulo-en-lcni-magazine-enero-2020\/\" aria-label=\"More on Unica en los medios: art\u00edculo en LCNi Magazine Enero 2020\">Read More<\/a><\/div><\/div><\/div><div class=\"fusion-clearfix\"><\/div><\/div>\n<\/article>\n<article id=\"blog-1-post-30899\" class=\"fusion-post-grid post-30899 post type-post status-publish format-standard hentry category-sin-categorizar\">\n<div class=\"fusion-post-wrapper\" style=\"background-color:rgba(255,255,255,0);border:1px solid #ebeaea;border-bottom-width:3px;\">\n\n<div class=\"fusion-post-content-wrapper\" style=\"padding:30px 25px 20px 25px;\"><div class=\"fusion-post-content post-content\"><h2 class=\"blog-shortcode-post-title entry-title\"><a href=\"https:\/\/www.unicalaundrysystems.com\/es\/unica-en-los-medios-publicidad-en-lcni-magazine-enero-2020\/\">Unica en los medios: Publicidad en LCNi Magazine Enero 2020<\/a><\/h2><p class=\"fusion-single-line-meta\"><span class=\"vcard\" style=\"display: none;\"><span class=\"fn\"><a href=\"https:\/\/www.unicalaundrysystems.com\/es\/author\/kevinmikodigital-com\/\" title=\"Posts by Kevin\" rel=\"author\">Kevin<\/a><\/span><\/span><span class=\"updated\" style=\"display:none;\">2021-03-08T17:58:45+01:00<\/span><span>17 January 2020<\/span><span class=\"fusion-inline-sep\">|<\/span><a href=\"https:\/\/www.unicalaundrysystems.com\/es\/category\/sin-categorizar\/\" rel=\"category tag\">Sin categorizar<\/a><span class=\"fusion-inline-sep\">|<\/span><\/p><div class=\"fusion-content-sep sep-double sep-solid\"><\/div><\/div><div class=\"fusion-meta-info\"><div class=\"fusion-alignleft\"><a class=\"fusion-read-more\" href=\"https:\/\/www.unicalaundrysystems.com\/es\/unica-en-los-medios-publicidad-en-lcni-magazine-enero-2020\/\" aria-label=\"More on Unica en los medios: Publicidad en LCNi Magazine Enero 2020\">Read More<\/a><\/div><\/div><\/div><div class=\"fusion-clearfix\"><\/div><\/div>\n<\/article>\n<article id=\"blog-1-post-30880\" class=\"fusion-post-grid post-30880 post type-post status-publish format-standard hentry category-sin-categorizar\">\n<div class=\"fusion-post-wrapper\" style=\"background-color:rgba(255,255,255,0);border:1px solid #ebeaea;border-bottom-width:3px;\">\n\n<div class=\"fusion-post-content-wrapper\" style=\"padding:30px 25px 20px 25px;\"><div class=\"fusion-post-content post-content\"><h2 class=\"blog-shortcode-post-title entry-title\"><a href=\"https:\/\/www.unicalaundrysystems.com\/es\/un-nuevo-logotipo-y-un-nuevo-sitio-web-misma-calidad\/\">Un nuevo logotipo y un nuevo sitio web &#8230; \u00a1con la misma calidad y servicio!<\/a><\/h2><p class=\"fusion-single-line-meta\"><span class=\"vcard\" style=\"display: none;\"><span class=\"fn\"><a href=\"https:\/\/www.unicalaundrysystems.com\/es\/author\/ann-pletsunicalaundrysystems-com\/\" title=\"Posts by ann.plets@unicalaundrysystems.com\" rel=\"author\">ann.plets@unicalaundrysystems.com<\/a><\/span><\/span><span class=\"updated\" style=\"display:none;\">2021-03-08T17:58:20+01:00<\/span><span>16 January 2020<\/span><span class=\"fusion-inline-sep\">|<\/span><a href=\"https:\/\/www.unicalaundrysystems.com\/es\/category\/sin-categorizar\/\" rel=\"category tag\">Sin categorizar<\/a><span class=\"fusion-inline-sep\">|<\/span><\/p><div class=\"fusion-content-sep sep-double sep-solid\"><\/div><\/div><div class=\"fusion-meta-info\"><div class=\"fusion-alignleft\"><a class=\"fusion-read-more\" href=\"https:\/\/www.unicalaundrysystems.com\/es\/un-nuevo-logotipo-y-un-nuevo-sitio-web-misma-calidad\/\" aria-label=\"More on Un nuevo logotipo y un nuevo sitio web &#8230; \u00a1con la misma calidad y servicio!\">Read More<\/a><\/div><\/div><\/div><div class=\"fusion-clearfix\"><\/div><\/div>\n<\/article>\n<div class=\"fusion-clearfix\"><\/div><\/div><\/div><div class=\"fusion-clearfix\"><\/div><\/div><\/div><\/div><\/div><div class=\"fusion-fullwidth fullwidth-box fusion-builder-row-3 fusion-parallax-none bloc-solution nonhundred-percent-fullwidth non-hundred-percent-height-scrolling\" style=\"--awb-border-radius-top-left:0px;--awb-border-radius-top-right:0px;--awb-border-radius-bottom-right:0px;--awb-border-radius-bottom-left:0px;--awb-padding-top:100px;--awb-padding-bottom:80px;--awb-margin-top:0px;--awb-margin-bottom:0px;--awb-background-image:url(&quot;https:\/\/www.unicalaundrysystems.com\/wp-content\/uploads\/2019\/09\/bg-home.jpg&quot;);--awb-background-size:cover;--awb-flex-wrap:wrap;\" ><div class=\"fusion-builder-row fusion-row\"><div class=\"fusion-layout-column fusion_builder_column fusion-builder-column-3 fusion_builder_column_2_3 2_3 fusion-two-third fusion-column-first\" style=\"--awb-bg-size:cover;width:66.666666666667%;width:calc(66.666666666667% - ( ( 4% ) * 0.66666666666667 ) );margin-right: 4%;\"><div class=\"fusion-column-wrapper fusion-column-has-shadow fusion-flex-column-wrapper-legacy\"><div class=\"fusion-clearfix\"><\/div><\/div><\/div><div class=\"fusion-layout-column fusion_builder_column fusion-builder-column-4 fusion_builder_column_1_3 1_3 fusion-one-third fusion-column-last\" style=\"--awb-bg-size:cover;width:33.333333333333%;width:calc(33.333333333333% - ( ( 4% ) * 0.33333333333333 ) );\"><div class=\"fusion-column-wrapper fusion-column-has-shadow fusion-flex-column-wrapper-legacy\"><div class=\"fusion-column-content-centered\"><div class=\"fusion-column-content\"><div class=\"fusion-title title fusion-title-1 fusion-sep-none fusion-title-center fusion-title-text fusion-title-size-two title2-big\"><h2 class=\"fusion-title-heading title-heading-center\" style=\"margin:0;\"><h2 style=\"text-align: center;\"><span lang=\"FR-BE\" style=\"color: #bb082c;\">\u00bf<\/span><span lang=\"FR-BE\" style=\"color: #bb082c;\">QUIERE SABER LO QUE UNICA<br \/>\nPUEDE HACER POR USTED?\u00a0<\/span><\/h2><\/h2><\/div><div class=\"fusion-text fusion-text-2 text-white\"><p style=\"text-align: center;\">\u00bfQu\u00e9 sucede si se re\u00fane con un asesor t\u00e9cnico de UNICA? Con \u00e9l, entender\u00e1 mejor sus necesidades y sabr\u00e1 qu\u00e9 soluci\u00f3n de UNICA puede ofrecerle para un lavado limpio y econ\u00f3mico de su ropa.<\/p>\n<\/div><div class=\"fusion-aligncenter\"><a class=\"fusion-button button-flat fusion-button-default-size button-default fusion-button-default button-1 fusion-button-default-span fusion-button-default-type\" style=\"--button_text_transform:uppercase;\" target=\"_self\" href=\"https:\/\/www.unicalaundrysystems.com\/contact\/\"><span class=\"fusion-button-text\">Contactar con UNICA<\/span><\/a><\/div><\/div><\/div><div class=\"fusion-clearfix\"><\/div><\/div><\/div><\/div><\/div><\/p>\n","protected":false},"excerpt":{"rendered":"","protected":false},"author":2,"featured_media":0,"parent":0,"menu_order":999,"comment_status":"closed","ping_status":"closed","template":"100-width.php","meta":{"footnotes":""},"class_list":["post-30967","page","type-page","status-publish","hentry"],"yoast_head":"<!-- This site is optimized with the Yoast SEO plugin v23.1 - https:\/\/yoast.com\/wordpress\/plugins\/seo\/ -->\n<title>Noticias &#8211; Unica Laundry Systems<\/title>\n<meta name=\"robots\" content=\"index, follow, max-snippet:-1, max-image-preview:large, max-video-preview:-1\" \/>\n<link rel=\"canonical\" href=\"https:\/\/www.unicalaundrysystems.com\/es\/noticias\/\" \/>\n<meta property=\"og:locale\" content=\"es_ES\" \/>\n<meta property=\"og:type\" content=\"article\" \/>\n<meta property=\"og:title\" content=\"Noticias &#8211; Unica Laundry Systems\" \/>\n<meta property=\"og:url\" content=\"https:\/\/www.unicalaundrysystems.com\/es\/noticias\/\" \/>\n<meta property=\"og:site_name\" content=\"Unica Laundry Systems\" \/>\n<meta property=\"article:modified_time\" content=\"2020-03-25T13:39:58+00:00\" \/>\n<meta name=\"twitter:card\" content=\"summary_large_image\" \/>\n<meta name=\"twitter:label1\" content=\"Est. reading time\" \/>\n\t<meta name=\"twitter:data1\" content=\"6 minutes\" \/>\n<script type=\"application\/ld+json\" class=\"yoast-schema-graph\">{\"@context\":\"https:\/\/schema.org\",\"@graph\":[{\"@type\":\"WebPage\",\"@id\":\"https:\/\/www.unicalaundrysystems.com\/es\/noticias\/\",\"url\":\"https:\/\/www.unicalaundrysystems.com\/es\/noticias\/\",\"name\":\"Noticias &#8211; Unica Laundry Systems\",\"isPartOf\":{\"@id\":\"https:\/\/www.unicalaundrysystems.com\/es\/#website\"},\"datePublished\":\"2020-01-16T10:45:15+00:00\",\"dateModified\":\"2020-03-25T13:39:58+00:00\",\"breadcrumb\":{\"@id\":\"https:\/\/www.unicalaundrysystems.com\/es\/noticias\/#breadcrumb\"},\"inLanguage\":\"es-ES\",\"potentialAction\":[{\"@type\":\"ReadAction\",\"target\":[\"https:\/\/www.unicalaundrysystems.com\/es\/noticias\/\"]}]},{\"@type\":\"BreadcrumbList\",\"@id\":\"https:\/\/www.unicalaundrysystems.com\/es\/noticias\/#breadcrumb\",\"itemListElement\":[{\"@type\":\"ListItem\",\"position\":1,\"name\":\"Home\",\"item\":\"https:\/\/www.unicalaundrysystems.com\/es\/\"},{\"@type\":\"ListItem\",\"position\":2,\"name\":\"Noticias\"}]},{\"@type\":\"WebSite\",\"@id\":\"https:\/\/www.unicalaundrysystems.com\/es\/#website\",\"url\":\"https:\/\/www.unicalaundrysystems.com\/es\/\",\"name\":\"Unica Laundry Systems\",\"description\":\"Laveuses-essoreuses industrielles de fabrication belge\",\"publisher\":{\"@id\":\"https:\/\/www.unicalaundrysystems.com\/es\/#organization\"},\"potentialAction\":[{\"@type\":\"SearchAction\",\"target\":{\"@type\":\"EntryPoint\",\"urlTemplate\":\"https:\/\/www.unicalaundrysystems.com\/es\/?s={search_term_string}\"},\"query-input\":\"required name=search_term_string\"}],\"inLanguage\":\"es-ES\"},{\"@type\":\"Organization\",\"@id\":\"https:\/\/www.unicalaundrysystems.com\/es\/#organization\",\"name\":\"Unica Laundry Systems\",\"url\":\"https:\/\/www.unicalaundrysystems.com\/es\/\",\"logo\":{\"@type\":\"ImageObject\",\"inLanguage\":\"es-ES\",\"@id\":\"https:\/\/www.unicalaundrysystems.com\/es\/#\/schema\/logo\/image\/\",\"url\":\"https:\/\/www.unicalaundrysystems.com\/wp-content\/uploads\/2019\/09\/unica-logo-date-color.png\",\"contentUrl\":\"https:\/\/www.unicalaundrysystems.com\/wp-content\/uploads\/2019\/09\/unica-logo-date-color.png\",\"width\":2372,\"height\":544,\"caption\":\"Unica Laundry Systems\"},\"image\":{\"@id\":\"https:\/\/www.unicalaundrysystems.com\/es\/#\/schema\/logo\/image\/\"}}]}<\/script>\n<!-- \/ Yoast SEO plugin. -->","yoast_head_json":{"title":"Noticias &#8211; Unica Laundry Systems","robots":{"index":"index","follow":"follow","max-snippet":"max-snippet:-1","max-image-preview":"max-image-preview:large","max-video-preview":"max-video-preview:-1"},"canonical":"https:\/\/www.unicalaundrysystems.com\/es\/noticias\/","og_locale":"es_ES","og_type":"article","og_title":"Noticias &#8211; Unica Laundry Systems","og_url":"https:\/\/www.unicalaundrysystems.com\/es\/noticias\/","og_site_name":"Unica Laundry Systems","article_modified_time":"2020-03-25T13:39:58+00:00","twitter_card":"summary_large_image","twitter_misc":{"Est. reading time":"6 minutes"},"schema":{"@context":"https:\/\/schema.org","@graph":[{"@type":"WebPage","@id":"https:\/\/www.unicalaundrysystems.com\/es\/noticias\/","url":"https:\/\/www.unicalaundrysystems.com\/es\/noticias\/","name":"Noticias &#8211; Unica Laundry Systems","isPartOf":{"@id":"https:\/\/www.unicalaundrysystems.com\/es\/#website"},"datePublished":"2020-01-16T10:45:15+00:00","dateModified":"2020-03-25T13:39:58+00:00","breadcrumb":{"@id":"https:\/\/www.unicalaundrysystems.com\/es\/noticias\/#breadcrumb"},"inLanguage":"es-ES","potentialAction":[{"@type":"ReadAction","target":["https:\/\/www.unicalaundrysystems.com\/es\/noticias\/"]}]},{"@type":"BreadcrumbList","@id":"https:\/\/www.unicalaundrysystems.com\/es\/noticias\/#breadcrumb","itemListElement":[{"@type":"ListItem","position":1,"name":"Home","item":"https:\/\/www.unicalaundrysystems.com\/es\/"},{"@type":"ListItem","position":2,"name":"Noticias"}]},{"@type":"WebSite","@id":"https:\/\/www.unicalaundrysystems.com\/es\/#website","url":"https:\/\/www.unicalaundrysystems.com\/es\/","name":"Unica Laundry Systems","description":"Laveuses-essoreuses industrielles de fabrication belge","publisher":{"@id":"https:\/\/www.unicalaundrysystems.com\/es\/#organization"},"potentialAction":[{"@type":"SearchAction","target":{"@type":"EntryPoint","urlTemplate":"https:\/\/www.unicalaundrysystems.com\/es\/?s={search_term_string}"},"query-input":"required name=search_term_string"}],"inLanguage":"es-ES"},{"@type":"Organization","@id":"https:\/\/www.unicalaundrysystems.com\/es\/#organization","name":"Unica Laundry Systems","url":"https:\/\/www.unicalaundrysystems.com\/es\/","logo":{"@type":"ImageObject","inLanguage":"es-ES","@id":"https:\/\/www.unicalaundrysystems.com\/es\/#\/schema\/logo\/image\/","url":"https:\/\/www.unicalaundrysystems.com\/wp-content\/uploads\/2019\/09\/unica-logo-date-color.png","contentUrl":"https:\/\/www.unicalaundrysystems.com\/wp-content\/uploads\/2019\/09\/unica-logo-date-color.png","width":2372,"height":544,"caption":"Unica Laundry Systems"},"image":{"@id":"https:\/\/www.unicalaundrysystems.com\/es\/#\/schema\/logo\/image\/"}}]}},"_links":{"self":[{"href":"https:\/\/www.unicalaundrysystems.com\/es\/wp-json\/wp\/v2\/pages\/30967"}],"collection":[{"href":"https:\/\/www.unicalaundrysystems.com\/es\/wp-json\/wp\/v2\/pages"}],"about":[{"href":"https:\/\/www.unicalaundrysystems.com\/es\/wp-json\/wp\/v2\/types\/page"}],"author":[{"embeddable":true,"href":"https:\/\/www.unicalaundrysystems.com\/es\/wp-json\/wp\/v2\/users\/2"}],"replies":[{"embeddable":true,"href":"https:\/\/www.unicalaundrysystems.com\/es\/wp-json\/wp\/v2\/comments?post=30967"}],"version-history":[{"count":3,"href":"https:\/\/www.unicalaundrysystems.com\/es\/wp-json\/wp\/v2\/pages\/30967\/revisions"}],"predecessor-version":[{"id":31680,"href":"https:\/\/www.unicalaundrysystems.com\/es\/wp-json\/wp\/v2\/pages\/30967\/revisions\/31680"}],"wp:attachment":[{"href":"https:\/\/www.unicalaundrysystems.com\/es\/wp-json\/wp\/v2\/media?parent=30967"}],"curies":[{"name":"wp","href":"https:\/\/api.w.org\/{rel}","templated":true}]}}